{"id":569,"date":"2023-12-13T09:05:54","date_gmt":"2023-12-13T08:05:54","guid":{"rendered":"https:\/\/www.fosterfacility.com\/?page_id=569"},"modified":"2023-12-21T15:19:17","modified_gmt":"2023-12-21T14:19:17","slug":"zakon-o-ochrane-oznamovatele","status":"publish","type":"page","link":"https:\/\/www.fosterfacility.com\/en\/zakon-o-ochrane-oznamovatele\/","title":{"rendered":"Whistleblower Protection Act"},"content":{"rendered":"<section class=\"bde-section-569-140 bde-section\">\n  \n  \n\t\n\n\n\n<div class=\"section-container\"><div class=\"bde-columns-569-141 bde-columns\"><div class=\"bde-column-569-142 bde-column cs-col\">\n  \n  \n\t\n\n\n\n<h1 class=\"bde-heading-569-143 bde-heading\">\nZ\u00e1kon o&nbsp;ochran\u011b oznamovatele\n<\/h1><div class=\"bde-accordion-569-144 bde-accordion\"><div class=\"bde-accordion__content-wrapper-569-145 bde-accordion__content-wrapper\">\n<h3 class=\"bde-accordion__title-tag\">\n  <button type=\"button\" class=\"bde-accordion__button\" id=\"accordion-button-145\" aria-controls=\"accordion-panel-145\" aria-expanded=\"false\">\n     <span class=\"bde-accordion__title\" >Informace p\u0159ed pod\u00e1n\u00edm ozn\u00e1men\u00ed<\/span>\n     <span class=\"bde-accordion__icon bde-accordion__icon--default\"><\/span>\n     <span class=\"bde-accordion__icon bde-accordion__icon--active\"><\/span>\n  <\/button>\n<\/h3>\n\n<div role=\"region\" class=\"bde-accordion__panel\" id=\"accordion-panel-145\" aria-labelledby=\"accordion-button-145\">\n    <div class=\"bde-accordion__panel-content\">\n        <div class=\"bde-rich-text-569-146 bde-rich-text breakdance-rich-text-styles\">\n<p>Pov\u011b\u0159en\u00fdm zam\u011bstnancem pro p\u0159\u00edjem ozn\u00e1men\u00ed prost\u0159ednictv\u00edm vn\u011bj\u0161\u00edho oznamovac\u00edho syst\u00e9mu je Szilvia Kondracsin (<a href=\"mailto:szilvia.kondracsin@foster24.com\">szilvia.kondracsin@foster24.com<\/a> , tel.: + 420&nbsp;778&nbsp;778&nbsp;229). Se souhlasem oznamovatele m\u016f\u017ee b\u00fdt po\u0159\u00edzena zvukov\u00e1 nahr\u00e1vka ozn\u00e1men\u00ed pod\u00e1van\u00e9ho telefonicky nebo osobn\u011b; bez souhlasu oznamovatele k&nbsp;po\u0159\u00edzen\u00ed nahr\u00e1vky ozn\u00e1men\u00ed nedojde. Oznamovatel m\u00e1 mo\u017enost vyj\u00e1d\u0159it se ke zvukov\u00e9 nahr\u00e1vce \u010di&nbsp;p\u0159episu. O&nbsp;p\u0159ijet\u00ed ozn\u00e1men\u00ed budete vyrozum\u011bni do 7 dn\u016f od p\u0159ijet\u00ed ozn\u00e1men\u00ed.<\/p><p>Ozn\u00e1men\u00ed lze podat rovn\u011b\u017e \u00fastn\u011b \u2013 telefonicky \u010di&nbsp;osobn\u011b po&nbsp;telefonick\u00e9 domluv\u011b s&nbsp;p\u0159\u00edslu\u0161nou osobou. Oznamovatel si m\u016f\u017ee svobodn\u011b zvolit, kter\u00fd syst\u00e9m pro pod\u00e1n\u00ed ozn\u00e1men\u00ed zvol\u00ed.<\/p><p>Ozn\u00e1men\u00ed je posuzov\u00e1no z&nbsp;hlediska jeho d\u016fvodnost\u00ed a&nbsp;v&nbsp;p\u0159\u00edpad\u011b, \u017ee je posouzeno jako d\u016fvodn\u00e9, p\u0159\u00edslu\u0161n\u00e1 osoba povinn\u00e9mu subjektu navrhne opat\u0159en\u00ed k&nbsp;p\u0159edejit\u00ed nebo n\u00e1prav\u011b protipr\u00e1vn\u00edho stavu. Je-li ozn\u00e1men\u00ed pod\u00e1no u&nbsp;p\u0159\u00edslu\u0161n\u00e9 osoby povinn\u00e9ho subjektu, pro kter\u00fd oznamovatel nevykon\u00e1v\u00e1 pr\u00e1ci nebo jinou obdobnou \u010dinnost, navrhuje p\u0159\u00edslu\u0161n\u00e1 osoba n\u00e1pravn\u00e1 opat\u0159en\u00ed osob\u011b, pro kterou oznamovatel vykon\u00e1v\u00e1 pr\u00e1ci nebo jinou obdobnou \u010dinnost, nevylu\u010duje-li to povaha v\u011bci. Nep\u0159ijme-li povinn\u00fd subjekt opat\u0159en\u00ed navr\u017een\u00e9 p\u0159\u00edslu\u0161nou osobou, p\u0159ijme k&nbsp;p\u0159edejit\u00ed nebo n\u00e1prav\u011b protipr\u00e1vn\u00edho stavu jin\u00e9 vhodn\u00e9 opat\u0159en\u00ed; to neplat\u00ed, jde-li o&nbsp;opat\u0159en\u00ed navr\u017een\u00e9 jin\u00e9 osob\u011b ne\u017e povinn\u00e9mu subjektu, kter\u00fd tuto p\u0159\u00edslu\u0161nou osobu ur\u010dil. O&nbsp;p\u0159ijat\u00e9m opat\u0159en\u00ed povinn\u00fd subjekt neprodlen\u011b vyrozum\u00ed p\u0159\u00edslu\u0161nou osobu, kter\u00e1 o&nbsp;n\u011bm bez zbyte\u010dn\u00e9ho odkladu p\u00edsemn\u011b vyrozum\u00ed oznamovatele. O&nbsp;v\u00fdsledku posouzen\u00ed bude oznamovatel vyrozum\u011bn do 30 dn\u016f od p\u0159ijet\u00ed ozn\u00e1men\u00ed a&nbsp;v&nbsp;p\u0159\u00edpadech skutkov\u011b nebo pr\u00e1vn\u011b slo\u017eit\u00fdch tuto lh\u016ftu lze prodlou\u017eit a\u017e dvakr\u00e1t o&nbsp;dal\u0161\u00edch 30 dn\u016f.<\/p><p>Pov\u011b\u0159en\u00fd zam\u011bstnanec nesm\u00ed \u00fadaje z&nbsp;ozn\u00e1men\u00ed poskytnout t\u0159et\u00ed osob\u011b, kter\u00e1 nen\u00ed tak\u00e9 ustanovena jako pov\u011b\u0159en\u00e1 osoba s&nbsp;v\u00fdjimkou p\u0159ed\u00e1v\u00e1n\u00ed informac\u00ed p\u0159\u00edslu\u0161n\u00e9mu org\u00e1nu ve\u0159ejn\u00e9 moci podle jin\u00fdch pr\u00e1vn\u00edch p\u0159edpis\u016f. O&nbsp;takov\u00e9mto postupu je oznamovatel v\u017edy p\u0159edem informov\u00e1n.<\/p><p>Na anonymn\u011b podan\u00e1 ozn\u00e1men\u00ed se nevztahuje z\u00e1kon o&nbsp;ochran\u011b oznamovatel\u016f, leda\u017ee dojde k&nbsp;odhalen\u00ed toto\u017enost\u00ed p\u016fvodn\u011b anonymn\u00edho oznamovatele nebo jde o&nbsp;ozn\u00e1men\u00ed p\u0159ij\u00edman\u00e9 od osoby, jej\u00ed\u017e toto\u017enost je p\u0159\u00edslu\u0161n\u00e9 osob\u011b zn\u00e1ma.<\/p><p>Oznamovatel by vzhledem k&nbsp;okolnostem a&nbsp;informac\u00edm, kter\u00e9 m\u00e1 k&nbsp;dispozici v&nbsp;dob\u011b ozn\u00e1men\u00ed, m\u011bl m\u00edt dostate\u010dn\u00e9 d\u016fvody se domn\u00edvat, \u017ee j\u00edm oznamovan\u00e9 \u010di&nbsp;zve\u0159ej\u0148ovan\u00e9 skute\u010dnosti jsou pravdiv\u00e9. Nelze tedy oznamovat skute\u010dnosti v\u011bdom\u011b nepravdiv\u00e9. Takov\u00e9to jedn\u00e1n\u00ed m\u016f\u017ee b\u00fdt sankcionov\u00e1no.<\/p><p>P\u0159i z\u00edsk\u00e1v\u00e1n\u00ed doklad\u016f dokl\u00e1daj\u00edc\u00edch oznamovan\u00e9 skute\u010dnosti by se oznamovatel nem\u011bl dopustit jedn\u00e1n\u00ed, kter\u00e9 by mohlo m\u00edt charakter trestn\u00e9ho \u010dinu.<\/p><p>Oznamovatel by m\u011bl m\u00edt konkr\u00e9tn\u00ed d\u016fvody pro to se domn\u00edvat, \u017ee j\u00edm oznamovan\u00e9 protipr\u00e1vn\u00ed jedn\u00e1n\u00ed spad\u00e1 pod ochranu z\u00e1kona o&nbsp;ochran\u011b oznamovatel\u016f. Dopln\u011bn\u00ed ozn\u00e1men\u00ed o&nbsp;v\u011brohodn\u00e9 \u010di&nbsp;ov\u011b\u0159iteln\u00e9 informace nebo doklady o&nbsp;ohla\u0161ovan\u00e9m protipr\u00e1vn\u00edm jedn\u00e1n\u00ed mohou pozitivn\u011b ovlivnit zp\u016fsob a&nbsp;v\u00fdsledek pro\u0161et\u0159en\u00ed ozn\u00e1men\u00ed.<\/p>\n<\/div>\n    <\/div>\n<\/div>\n\n\n\n<\/div><div class=\"bde-accordion__content-wrapper-569-147 bde-accordion__content-wrapper\">\n<h3 class=\"bde-accordion__title-tag\">\n  <button type=\"button\" class=\"bde-accordion__button\" id=\"accordion-button-147\" aria-controls=\"accordion-panel-147\" aria-expanded=\"false\">\n     <span class=\"bde-accordion__title\" >Formul\u00e1\u0159 pro u\u010din\u011bn\u00ed ozn\u00e1men\u00ed<\/span>\n     <span class=\"bde-accordion__icon bde-accordion__icon--default\"><\/span>\n     <span class=\"bde-accordion__icon bde-accordion__icon--active\"><\/span>\n  <\/button>\n<\/h3>\n\n<div role=\"region\" class=\"bde-accordion__panel\" id=\"accordion-panel-147\" aria-labelledby=\"accordion-button-147\">\n    <div class=\"bde-accordion__panel-content\">\n        <div class=\"bde-shortcode-569-148 bde-shortcode\"><div class='fluentform ff-default fluentform_wrapper_4 ffs_default_wrap'><form data-form_id=\"4\" id=\"fluentform_4\" class=\"frm-fluent-form fluent_form_4 ff-el-form-top ff_form_instance_4_1 ff-form-loading ffs_default\" data-form_instance=\"ff_form_instance_4_1\" method=\"POST\" ><fieldset  style=\"border: none!important;margin: 0!important;padding: 0!important;background-color: transparent!important;box-shadow: none!important;outline: none!important; min-inline-size: 100%;\">\n                    <legend class=\"ff_screen_reader_title\" style=\"display: block; margin: 0!important;padding: 0!important;height: 0!important;text-indent: -999999px;width: 0!important;overflow:hidden;\">Formul\u00e1\u0159 pro pod\u00e1n\u00ed ozn\u00e1men\u00ed<\/legend><input type='hidden' name='__fluent_form_embded_post_id' value='569' \/><input type=\"hidden\" id=\"_fluentform_4_fluentformnonce\" name=\"_fluentform_4_fluentformnonce\" value=\"8603aa6b79\" \/><input type=\"hidden\" name=\"_wp_http_referer\" value=\"\/en\/wp-json\/wp\/v2\/pages\/569\" \/><div data-type=\"name-element\" data-name=\"names\" class=\" ff-field_container ff-name-field-wrapper\" ><div class='ff-t-container'><div class='ff-t-cell '><div class='ff-el-group  ff-el-form-top'><div class=\"ff-el-input--label ff-el-is-required asterisk-right\"><label for='ff_4_names_first_name_' id='label_ff_4_names_first_name_' >K\u0159estn\u00ed jm\u00e9no<\/label><\/div><div class='ff-el-input--content'><input type=\"text\" name=\"names[first_name]\" id=\"ff_4_names_first_name_\" class=\"ff-el-form-control\" aria-invalid=\"false\" aria-required=true><\/div><\/div><\/div><div class='ff-t-cell '><div class='ff-el-group  ff-el-form-top'><div class=\"ff-el-input--label ff-el-is-required asterisk-right\"><label for='ff_4_names_last_name_' id='label_ff_4_names_last_name_' >P\u0159\u00edjmen\u00ed<\/label><\/div><div class='ff-el-input--content'><input type=\"text\" name=\"names[last_name]\" id=\"ff_4_names_last_name_\" class=\"ff-el-form-control\" aria-invalid=\"false\" aria-required=true><\/div><\/div><\/div><\/div><\/div><div class='ff-el-group'><div class=\"ff-el-input--label asterisk-right\"><label for='ff_4_input_text' id='label_ff_4_input_text' aria-label=\"Datum narozen\u00ed\">Datum narozen\u00ed<\/label><\/div><div class='ff-el-input--content'><input type=\"text\" name=\"input_text\" class=\"ff-el-form-control\" data-name=\"input_text\" id=\"ff_4_input_text\"  aria-invalid=\"false\" aria-required=false><\/div><\/div><div class='ff-el-group'><div class=\"ff-el-input--label asterisk-right\"><label for='ff_4_input_text_1' id='label_ff_4_input_text_1' aria-label=\"Jin\u00fd \u00fadaj, z n\u011bho\u017e je mo\u017en\u00e9 dovodit toto\u017enost oznamovatele\">Jin\u00fd \u00fadaj, z&nbsp;n\u011bho\u017e je mo\u017en\u00e9 dovodit toto\u017enost oznamovatele<\/label><div class=\"ff-el-tooltip\" data-content=\"Ve formul\u00e1\u0159i mus\u00ed b\u00fdt vypln\u011bno v\u017edy bu\u010f jm\u00e9no, p\u0159\u00edjmen\u00ed a datum narozen\u00ed oznamovatele, nebo jin\u00fd \u00fadaj, z n\u011bho\u017e je mo\u017en\u00e9 dovodit toto\u017enost oznamovatele.\"><svg width=\"16\" height=\"16\" viewBox=\"0 0 25 25\"><path d=\"m329 393l0-46c0-2-1-4-2-6-2-2-4-3-7-3l-27 0 0-146c0-3-1-5-3-7-2-1-4-2-7-2l-91 0c-3 0-5 1-7 2-1 2-2 4-2 7l0 46c0 2 1 5 2 6 2 2 4 3 7 3l27 0 0 91-27 0c-3 0-5 1-7 3-1 2-2 4-2 6l0 46c0 3 1 5 2 7 2 1 4 2 7 2l128 0c3 0 5-1 7-2 1-2 2-4 2-7z m-36-256l0-46c0-2-1-4-3-6-2-2-4-3-7-3l-54 0c-3 0-5 1-7 3-2 2-3 4-3 6l0 46c0 3 1 5 3 7 2 1 4 2 7 2l54 0c3 0 5-1 7-2 2-2 3-4 3-7z m182 119c0 40-9 77-29 110-20 34-46 60-80 80-33 20-70 29-110 29-40 0-77-9-110-29-34-20-60-46-80-80-20-33-29-70-29-110 0-40 9-77 29-110 20-34 46-60 80-80 33-20 70-29 110-29 40 0 77 9 110 29 34 20 60 46 80 80 20 33 29 70 29 110z\" transform=\"scale(0.046875 0.046875)\"><\/path><\/svg><\/div><\/div><div class='ff-el-input--content'><input type=\"text\" name=\"input_text_1\" class=\"ff-el-form-control\" data-name=\"input_text_1\" id=\"ff_4_input_text_1\"  aria-invalid=\"false\" aria-required=false><\/div><\/div><div data-name=\"ff_cn_id_1\"  class='ff-t-container ff-column-container ff_columns_total_2 '><div class='ff-t-cell ff-t-column-1' style='flex-basis: 50%;'><div class='ff-el-group'><div class=\"ff-el-input--label ff-el-is-required asterisk-right\"><label for='ff_4_input_text_2' id='label_ff_4_input_text_2' aria-label=\"E-mail nebo jin\u00e1 adresa pro doru\u010dov\u00e1n\u00ed\">E-mail nebo jin\u00e1 adresa pro doru\u010dov\u00e1n\u00ed<\/label><\/div><div class='ff-el-input--content'><input type=\"text\" name=\"input_text_2\" class=\"ff-el-form-control\" data-name=\"input_text_2\" id=\"ff_4_input_text_2\"  aria-invalid=\"false\" aria-required=true><\/div><\/div><\/div><div class='ff-t-cell ff-t-column-2' style='flex-basis: 50%;'><div class='ff-el-group'><div class=\"ff-el-input--label asterisk-right\"><label for='ff_4_phone_1' id='label_ff_4_phone_1' aria-label=\"Telefon\">Telefon<\/label><\/div><div class='ff-el-input--content'><input name=\"phone_1\" class=\"ff-el-form-control ff-el-phone\" type=\"tel\" data-name=\"phone_1\" id=\"ff_4_phone_1\" inputmode=\"tel\"  aria-invalid='false' aria-required=false><\/div><\/div><\/div><\/div><div class='ff-el-group'><div class=\"ff-el-input--label asterisk-right\"><label for='ff_4_description' id='label_ff_4_description' aria-label=\"Pracovn\u00ed vztah k povinn\u00e9mu subjektu\">Pracovn\u00ed vztah k&nbsp;povinn\u00e9mu subjektu<\/label><\/div><div class='ff-el-input--content'><textarea aria-required=\"false\" aria-labelledby=\"label_ff_4_description\" name=\"description\" id=\"ff_4_description\" class=\"ff-el-form-control\" rows=\"3\" cols=\"2\" data-name=\"description\" ><\/textarea><\/div><\/div><div class='ff-el-group  ff-custom_html' tabindex='-1' data-name=\"custom_html-4_1\" ><h3>Oznamovan\u00e9 jedn\u00e1n\u00ed<\/h3>\n<p>Kvalifikace oznamovan\u00e9ho mo\u017en\u00e9ho protipr\u00e1vn\u00edho jedn\u00e1n\u00ed ve smyslu \u00a7 2 odst. 1 z\u00e1kona \u010d.&nbsp;171\/2023 Sb., o&nbsp;ochran\u011b oznamovatel\u016f<\/p><\/div><div class='ff-el-group'><div class=\"ff-el-input--label asterisk-right\"><label   aria-label=\"Oznamovan\u00e9 jedn\u00e1n\u00ed\">Oznamovan\u00e9 jedn\u00e1n\u00ed<\/label><\/div><div class='ff-el-input--content'><div class='ff-el-form-check ff-el-form-check-'><label class='ff-el-form-check-label' for='checkbox_4973503453fc05f924898d477199ba0b'><input  type=\"checkbox\" name=\"checkbox[]\" data-name=\"checkbox\" class=\"ff-el-form-check-input ff-el-form-check-checkbox\" value=\"M\u00e1 znaky trestn\u00e9ho \u010dinu\"  id='checkbox_4973503453fc05f924898d477199ba0b' aria-label='M\u00e1 znaky trestn\u00e9ho \u010dinu' aria-invalid='false' aria-required=false> <span>M\u00e1 znaky trestn\u00e9ho \u010dinu<\/span><\/label><\/div><div class='ff-el-form-check ff-el-form-check-'><label class='ff-el-form-check-label' for='checkbox_dbff3d1acec0d799772fe0c38ba5dfd7'><input  type=\"checkbox\" name=\"checkbox[]\" data-name=\"checkbox\" class=\"ff-el-form-check-input ff-el-form-check-checkbox\" value=\"M\u00e1 znaky p\u0159estupku, za kter\u00fd z\u00e1kon stanov\u00ed sazbu pokuty, jej\u00ed\u017e horn\u00ed hranice je alespo\u0148 100 000 K\u010d\"  id='checkbox_dbff3d1acec0d799772fe0c38ba5dfd7' aria-label='M\u00e1 znaky p\u0159estupku, za kter\u00fd z\u00e1kon stanov\u00ed sazbu pokuty, jej\u00ed\u017e horn\u00ed hranice je alespo\u0148 100 000 K\u010d' aria-invalid='false' aria-required=false> <span>M\u00e1 znaky p\u0159estupku, za kter\u00fd z\u00e1kon stanov\u00ed sazbu pokuty, jej\u00ed\u017e horn\u00ed hranice je alespo\u0148 100&nbsp;000&nbsp;K\u010d<\/span><\/label><\/div><div class='ff-el-form-check ff-el-form-check-'><label class='ff-el-form-check-label' for='checkbox_7a781b6a21ebf1713f07b74034c8b27f'><input  type=\"checkbox\" name=\"checkbox[]\" data-name=\"checkbox\" class=\"ff-el-form-check-input ff-el-form-check-checkbox\" value=\"Poru\u0161uje tento z\u00e1kon\"  id='checkbox_7a781b6a21ebf1713f07b74034c8b27f' aria-label='Poru\u0161uje tento z\u00e1kon' aria-invalid='false' aria-required=false> <span>Poru\u0161uje tento z\u00e1kon<\/span><\/label><\/div><div class='ff-el-form-check ff-el-form-check-'><label class='ff-el-form-check-label' for='checkbox_7bd6a598ff4e4c2fe1b9e1f43b331d4f'><input  type=\"checkbox\" name=\"checkbox[]\" data-name=\"checkbox\" class=\"ff-el-form-check-input ff-el-form-check-checkbox\" value=\"Poru\u0161uje jin\u00fd pr\u00e1vn\u00ed p\u0159edpis nebo p\u0159edpis Evropsk\u00e9 unie v oblasti\"  id='checkbox_7bd6a598ff4e4c2fe1b9e1f43b331d4f' aria-label='Poru\u0161uje jin\u00fd pr\u00e1vn\u00ed p\u0159edpis nebo p\u0159edpis Evropsk\u00e9 unie v oblasti' aria-invalid='false' aria-required=false> <span>Poru\u0161uje jin\u00fd pr\u00e1vn\u00ed p\u0159edpis nebo p\u0159edpis Evropsk\u00e9 unie v&nbsp;oblasti<\/span><\/label><\/div><\/div><\/div><div class='ff-el-group'><div class=\"ff-el-input--label asterisk-right\"><label for='ff_4_description_1' id='label_ff_4_description_1' aria-label=\"Text ozn\u00e1men\u00ed\">Text ozn\u00e1men\u00ed<\/label><div class=\"ff-el-tooltip\" data-content=\"Ozn\u00e1men\u00ed mus\u00ed b\u00fdt ur\u010dit\u00e9 a srozumiteln\u00e9. Z ozn\u00e1men\u00ed mus\u00ed b\u00fdt z\u0159ejm\u00e9, proti kter\u00e9 osob\u011b sm\u011b\u0159uje a jak\u00e9ho jedn\u00e1n\u00ed se t\u00fdk\u00e1 tak, aby bylo mo\u017en\u00e9 jej \u0159\u00e1dn\u011b pro\u0161et\u0159it.\"><svg width=\"16\" height=\"16\" viewBox=\"0 0 25 25\"><path d=\"m329 393l0-46c0-2-1-4-2-6-2-2-4-3-7-3l-27 0 0-146c0-3-1-5-3-7-2-1-4-2-7-2l-91 0c-3 0-5 1-7 2-1 2-2 4-2 7l0 46c0 2 1 5 2 6 2 2 4 3 7 3l27 0 0 91-27 0c-3 0-5 1-7 3-1 2-2 4-2 6l0 46c0 3 1 5 2 7 2 1 4 2 7 2l128 0c3 0 5-1 7-2 1-2 2-4 2-7z m-36-256l0-46c0-2-1-4-3-6-2-2-4-3-7-3l-54 0c-3 0-5 1-7 3-2 2-3 4-3 6l0 46c0 3 1 5 3 7 2 1 4 2 7 2l54 0c3 0 5-1 7-2 2-2 3-4 3-7z m182 119c0 40-9 77-29 110-20 34-46 60-80 80-33 20-70 29-110 29-40 0-77-9-110-29-34-20-60-46-80-80-20-33-29-70-29-110 0-40 9-77 29-110 20-34 46-60 80-80 33-20 70-29 110-29 40 0 77 9 110 29 34 20 60 46 80 80 20 33 29 70 29 110z\" transform=\"scale(0.046875 0.046875)\"><\/path><\/svg><\/div><\/div><div class='ff-el-input--content'><textarea aria-required=\"false\" aria-labelledby=\"label_ff_4_description_1\" name=\"description_1\" id=\"ff_4_description_1\" class=\"ff-el-form-control\" rows=\"3\" cols=\"2\" data-name=\"description_1\" ><\/textarea><\/div><\/div><div class='ff-el-group'><div class=\"ff-el-input--label asterisk-right\"><label for='ff_4_file-upload_1' id='label_ff_4_file-upload_1' aria-label=\"P\u0159\u00edlohy\">P\u0159\u00edlohy<\/label><\/div><div class='ff-el-input--content'><label for='ff_4_file-upload_1' class='ff_file_upload_holder'><span class='ff_upload_btn ff-btn'>Vybrat soubor<\/span> <input type=\"file\" name=\"file-upload\" id=\"ff_4_file-upload_1\" class=\"ff-el-form-control  ff-screen-reader-element\" data-name=\"file-upload\" multiple=\"1\"  aria-invalid='false' aria-required=false><\/label><\/div><\/div><div class='ff-el-group    ff-el-input--content'><div class='ff-el-form-check ff-el-tc'><label aria-label='Beru na v\u011bdom\u00ed, \u017ee ochrana p\u0159ed odvetn\u00fdmi opat\u0159en\u00edmi se nevztahuje na osobu, kter\u00e1 u\u010dinila v\u011bdom\u011b nepravdiv\u00e9 ozn\u00e1men\u00ed.' class='ff-el-form-check-label ff_tc_label' for=gdpr-agreement_c7cf55f464bf46db7c43d8f5fc229166><span class='ff_tc_checkbox'><input type=\"checkbox\" name=\"gdpr-agreement\" class=\"ff-el-form-check-input ff_gdpr_field\" data-name=\"gdpr-agreement\" id=\"gdpr-agreement_c7cf55f464bf46db7c43d8f5fc229166\"  value='on' aria-invalid='false' aria-required=true><\/span> <div class='ff_t_c'>Beru na v\u011bdom\u00ed, \u017ee ochrana p\u0159ed odvetn\u00fdmi opat\u0159en\u00edmi se nevztahuje na osobu, kter\u00e1 u\u010dinila v\u011bdom\u011b nepravdiv\u00e9 ozn\u00e1men\u00ed.<\/div><\/label><\/div><\/div><div class='ff-el-group ff-text-left ff_submit_btn_wrapper'><button type=\"submit\" class=\"ff-btn ff-btn-submit ff-btn-md ff_btn_style\"  aria-label=\"Odeslat\">Odeslat<\/button><\/div><\/fieldset><\/form><div id='fluentform_4_errors' class='ff-errors-in-stack ff_form_instance_4_1 ff-form-loading_errors ff_form_instance_4_1_errors'><\/div><\/div>            <script type=\"text\/javascript\">\n                window.fluent_form_ff_form_instance_4_1 = {\"id\":\"4\",\"settings\":{\"layout\":{\"labelPlacement\":\"top\",\"helpMessagePlacement\":\"with_label\",\"errorMessagePlacement\":\"inline\",\"cssClassName\":\"\",\"asteriskPlacement\":\"asterisk-right\"},\"restrictions\":{\"denyEmptySubmission\":{\"enabled\":false}}},\"form_instance\":\"ff_form_instance_4_1\",\"form_id_selector\":\"fluentform_4\",\"rules\":{\"names[first_name]\":{\"required\":{\"value\":true,\"message\":\"Toto pole je povinn\\u00e9\",\"global_message\":\"Toto pole je povinn\\u00e9\",\"global\":true}},\"names[middle_name]\":{\"required\":{\"value\":false,\"message\":\"Toto pole je povinn\\u00e9\",\"global_message\":\"Toto pole je povinn\\u00e9\",\"global\":true}},\"names[last_name]\":{\"required\":{\"value\":true,\"message\":\"Toto pole je povinn\\u00e9\",\"global_message\":\"Toto pole je povinn\\u00e9\",\"global\":true}},\"input_text\":{\"required\":{\"value\":false,\"message\":\"Toto pole je povinn\\u00e9\",\"global_message\":\"Toto pole je povinn\\u00e9\",\"global\":true}},\"input_text_1\":{\"required\":{\"value\":false,\"message\":\"Toto pole je povinn\\u00e9\",\"global_message\":\"Toto pole je povinn\\u00e9\",\"global\":true}},\"input_text_2\":{\"required\":{\"value\":true,\"message\":\"Toto pole je povinn\\u00e9\",\"global_message\":\"Toto pole je povinn\\u00e9\",\"global\":true}},\"phone_1\":{\"required\":{\"value\":false,\"message\":\"This field is required\",\"global\":false,\"global_message\":\"Toto pole je povinn\\u00e9\"},\"valid_phone_number\":{\"value\":false,\"message\":\"Phone number is not valid\",\"global\":false,\"global_message\":\"Telefonn\\u00ed \\u010d\\u00edslo nen\\u00ed platn\\u00e9\"}},\"description\":{\"required\":{\"value\":false,\"message\":\"Toto pole je povinn\\u00e9\",\"global_message\":\"Toto pole je povinn\\u00e9\",\"global\":true}},\"checkbox\":{\"required\":{\"value\":false,\"message\":\"Toto pole je povinn\\u00e9\",\"global_message\":\"Toto pole je povinn\\u00e9\",\"global\":true}},\"description_1\":{\"required\":{\"value\":false,\"message\":\"Toto pole je povinn\\u00e9\",\"global_message\":\"Toto pole je povinn\\u00e9\",\"global\":true}},\"file-upload\":{\"required\":{\"value\":false,\"message\":\"Toto pole je povinn\\u00e9\",\"global_message\":\"Toto pole je povinn\\u00e9\",\"global\":true},\"max_file_size\":{\"value\":10485760,\"_valueFrom\":\"MB\",\"message\":\"Soubor p\\u0159ekra\\u010duje maxim\\u00e1ln\\u00ed povolenou velikost 10MB\",\"global_message\":\"P\\u0159ekro\\u010den\\u00e1 maxim\\u00e1ln\\u00ed velikost soubor\",\"global\":false},\"max_file_count\":{\"value\":1,\"message\":\"P\\u0159ekro\\u010den\\u00fd limit soubor\\u016f\",\"global_message\":\"P\\u0159ekro\\u010den\\u00fd limit soubor\\u016f\",\"global\":true},\"allowed_file_types\":{\"value\":[\"pdf\",\"doc|ppt|pps|xls|mdb|docx|xlsx|pptx|odt|odp|ods|odg|odc|odb|odf|rtf|txt\",\"zip|gz|gzip|rar|7z\"],\"message\":\"Nahrajte PDF, dokument nebo zazipovan\\u00fd soubor\",\"global_message\":\"Nepovolen\\u00fd form\\u00e1t\",\"global\":false}},\"gdpr-agreement\":{\"required\":{\"value\":true,\"message\":\"Toto pole je povinn\\u00e9\",\"global_message\":\"Toto pole je povinn\\u00e9\",\"global\":true}}},\"debounce_time\":300};\n                            <\/script>\n            <\/div>\n    <\/div>\n<\/div>\n\n\n\n<\/div>\r\n\r\n<\/div><div class=\"bde-code-block-569-149 bde-code-block\">\n\n\n\n<\/div>\n<\/div><div class=\"bde-column-569-150 bde-column\">\n  \n  \n\t\n\n\n\n<div class=\"bde-text-569-151 bde-text\">\nOchrana oznamovatele\n<\/div>\n<\/div><\/div><\/div>\n<\/section>","protected":false},"excerpt":{"rendered":"<p>Z\u00e1kon o&nbsp;ochran\u011b oznamovatele Informace p\u0159ed pod\u00e1n\u00edm ozn\u00e1men\u00ed Pov\u011b\u0159en\u00fdm zam\u011bstnancem pro p\u0159\u00edjem ozn\u00e1men\u00ed prost\u0159ednictv\u00edm vn\u011bj\u0161\u00edho oznamovac\u00edho syst\u00e9mu je Szilvia Kondracsin (szilvia.kondracsin@foster24.com , tel.: + 420&nbsp;778&nbsp;778&nbsp;229). Se souhlasem oznamovatele m\u016f\u017ee b\u00fdt po\u0159\u00edzena zvukov\u00e1 nahr\u00e1vka ozn\u00e1men\u00ed pod\u00e1van\u00e9ho telefonicky nebo osobn\u011b; bez souhlasu oznamovatele k&nbsp;po\u0159\u00edzen\u00ed nahr\u00e1vky ozn\u00e1men\u00ed nedojde. Oznamovatel m\u00e1 mo\u017enost vyj\u00e1d\u0159it se ke zvukov\u00e9 nahr\u00e1vce \u010di&nbsp;p\u0159episu. O&nbsp;p\u0159ijet\u00ed ozn\u00e1men\u00ed [&hellip;]<\/p>\n","protected":false},"author":2,"featured_media":0,"parent":0,"menu_order":0,"comment_status":"closed","ping_status":"closed","template":"","meta":{"_breakdance_hide_in_design_set":false,"_breakdance_tags":"","footnotes":""},"class_list":["post-569","page","type-page","status-publish","hentry"],"_links":{"self":[{"href":"https:\/\/www.fosterfacility.com\/en\/wp-json\/wp\/v2\/pages\/569","targetHints":{"allow":["GET"]}}],"collection":[{"href":"https:\/\/www.fosterfacility.com\/en\/wp-json\/wp\/v2\/pages"}],"about":[{"href":"https:\/\/www.fosterfacility.com\/en\/wp-json\/wp\/v2\/types\/page"}],"author":[{"embeddable":true,"href":"https:\/\/www.fosterfacility.com\/en\/wp-json\/wp\/v2\/users\/2"}],"replies":[{"embeddable":true,"href":"https:\/\/www.fosterfacility.com\/en\/wp-json\/wp\/v2\/comments?post=569"}],"version-history":[{"count":9,"href":"https:\/\/www.fosterfacility.com\/en\/wp-json\/wp\/v2\/pages\/569\/revisions"}],"predecessor-version":[{"id":647,"href":"https:\/\/www.fosterfacility.com\/en\/wp-json\/wp\/v2\/pages\/569\/revisions\/647"}],"wp:attachment":[{"href":"https:\/\/www.fosterfacility.com\/en\/wp-json\/wp\/v2\/media?parent=569"}],"curies":[{"name":"wp","href":"https:\/\/api.w.org\/{rel}","templated":true}]}}