{"id":169,"date":"2023-06-29T15:30:39","date_gmt":"2023-06-29T13:30:39","guid":{"rendered":"https:\/\/facility.softmedia.cz\/?page_id=169"},"modified":"2024-04-24T08:45:35","modified_gmt":"2024-04-24T06:45:35","slug":"kontakty","status":"publish","type":"page","link":"https:\/\/www.fosterfacility.com\/en\/kontakty\/","title":{"rendered":"Contact"},"content":{"rendered":"<section class=\"bde-section-169-100 bde-section\">\n  \n  \n\t\n\n\n\n<div class=\"section-container\"><div class=\"bde-columns-169-101 bde-columns\"><div class=\"bde-column-169-122 bde-column\">\n  \n  \n\t\n\n\n\n<div class=\"bde-shortcode-169-124 bde-shortcode\"><div class='fluentform ff-default fluentform_wrapper_3 ffs_default_wrap'><form data-form_id=\"3\" id=\"fluentform_3\" class=\"frm-fluent-form fluent_form_3 ff-el-form-top ff_form_instance_3_1 ff-form-loading ffs_default\" data-form_instance=\"ff_form_instance_3_1\" method=\"POST\" ><fieldset  style=\"border: none!important;margin: 0!important;padding: 0!important;background-color: transparent!important;box-shadow: none!important;outline: none!important; min-inline-size: 100%;\">\n                    <legend class=\"ff_screen_reader_title\" style=\"display: block; margin: 0!important;padding: 0!important;height: 0!important;text-indent: -999999px;width: 0!important;overflow:hidden;\">Kontaktn\u00ed formul\u00e1\u0159<\/legend><input type='hidden' name='__fluent_form_embded_post_id' value='169' \/><input type=\"hidden\" id=\"_fluentform_3_fluentformnonce\" name=\"_fluentform_3_fluentformnonce\" value=\"df79159e1d\" \/><input type=\"hidden\" name=\"_wp_http_referer\" value=\"\/en\/wp-json\/wp\/v2\/pages\/169\" \/><div data-type=\"name-element\" data-name=\"names\" class=\" ff-field_container ff-name-field-wrapper\" ><div class='ff-t-container'><div class='ff-t-cell '><div class='ff-el-group  ff-el-form-left'><div class=\"ff-el-input--label ff-el-is-required asterisk-right\"><label for='ff_3_names_first_name_' id='label_ff_3_names_first_name_' >Jm\u00e9no<\/label><\/div><div class='ff-el-input--content'><input type=\"text\" name=\"names[first_name]\" id=\"ff_3_names_first_name_\" class=\"ff-el-form-control\" aria-invalid=\"false\" aria-required=true><\/div><\/div><\/div><\/div><\/div><div class='ff-el-group ff-el-form-left'><div class=\"ff-el-input--label ff-el-is-required asterisk-right\"><label for='ff_3_email' id='label_ff_3_email' aria-label=\"E-mail\">E-mail<\/label><\/div><div class='ff-el-input--content'><input type=\"email\" name=\"email\" id=\"ff_3_email\" class=\"ff-el-form-control\" data-name=\"email\"  aria-invalid=\"false\" aria-required=true><\/div><\/div><div class='ff-el-group ff-el-form-left'><div class=\"ff-el-input--label ff-el-is-required asterisk-right\"><label for='ff_3_subject' id='label_ff_3_subject' aria-label=\"Telefon\">Telefon<\/label><\/div><div class='ff-el-input--content'><input type=\"text\" name=\"subject\" class=\"ff-el-form-control\" data-name=\"subject\" id=\"ff_3_subject\"  aria-invalid=\"false\" aria-required=true><\/div><\/div><div class='ff-el-group ff-el-form-left'><div class=\"ff-el-input--label ff-el-is-required asterisk-right\"><label for='ff_3_message' id='label_ff_3_message' aria-label=\"Zpr\u00e1va\">Zpr\u00e1va<\/label><\/div><div class='ff-el-input--content'><textarea aria-required=\"true\" aria-labelledby=\"label_ff_3_message\" name=\"message\" id=\"ff_3_message\" class=\"ff-el-form-control\" rows=\"10\" cols=\"2\" data-name=\"message\" ><\/textarea><\/div><\/div><div class='ff-el-group    ff-el-input--content'><div class='ff-el-form-check ff-el-tc'><label aria-label='Terms and Conditions: Souhlas\u00edm se zpracov\u00e1n\u00edm osobn\u00edch \u00fadaj\u016f Contains 1 link. Use tab navigation to review.' class='ff-el-form-check-label ff_tc_label' for=gdpr-agreement_c628f0bcef7b331ebfc8353200424a5b><span class='ff_tc_checkbox'><input type=\"checkbox\" name=\"gdpr-agreement\" class=\"ff-el-form-check-input ff_gdpr_field\" data-name=\"gdpr-agreement\" id=\"gdpr-agreement_c628f0bcef7b331ebfc8353200424a5b\"  value='on' aria-invalid='false' aria-required=true><\/span> <div class='ff_t_c'>Souhlas\u00edm se <a href=\"https:\/\/fosterfacility.com\/prohlaseni-o-ochrane-osobnich-udaju\/\" target=\"_blank\">zpracov\u00e1n\u00edm osobn\u00edch \u00fadaj\u016f<\/a><\/div><\/label><\/div><\/div><div class='ff-el-group ff-text-right ff_submit_btn_wrapper'><button type=\"submit\" class=\"ff-btn ff-btn-submit ff-btn-md ff_btn_style\"  aria-label=\"Odeslat\">Odeslat<\/button><\/div><\/fieldset><\/form><div id='fluentform_3_errors' class='ff-errors-in-stack ff_form_instance_3_1 ff-form-loading_errors ff_form_instance_3_1_errors'><\/div><\/div>            <script type=\"text\/javascript\">\n                window.fluent_form_ff_form_instance_3_1 = {\"id\":\"3\",\"settings\":{\"layout\":{\"labelPlacement\":\"top\",\"helpMessagePlacement\":\"with_label\",\"errorMessagePlacement\":\"inline\",\"cssClassName\":\"\",\"asteriskPlacement\":\"asterisk-right\"},\"restrictions\":{\"denyEmptySubmission\":{\"enabled\":false}}},\"form_instance\":\"ff_form_instance_3_1\",\"form_id_selector\":\"fluentform_3\",\"rules\":{\"names[first_name]\":{\"required\":{\"value\":true,\"message\":\"Povinn\\u00e9 pole\",\"global\":false,\"global_message\":\"Toto pole je povinn\\u00e9\"}},\"names[middle_name]\":{\"required\":{\"value\":false,\"message\":\"This field is required\",\"global\":false,\"global_message\":\"Toto pole je povinn\\u00e9\"}},\"names[last_name]\":{\"required\":{\"value\":false,\"message\":\"This field is required\",\"global\":false,\"global_message\":\"Toto pole je povinn\\u00e9\"}},\"email\":{\"required\":{\"value\":true,\"message\":\"Povinn\\u00e9 pole\",\"global\":false,\"global_message\":\"Toto pole je povinn\\u00e9\"},\"email\":{\"value\":true,\"message\":\"E-mail je ve \\u0161patn\\u00e9m form\\u00e1tu\",\"global\":false,\"global_message\":\"Toto pole mus\\u00ed obsahovat email\"}},\"subject\":{\"required\":{\"value\":true,\"message\":\"Povinn\\u00e9 pole\",\"global\":false,\"global_message\":\"Toto pole je povinn\\u00e9\"}},\"message\":{\"required\":{\"value\":true,\"message\":\"Povinn\\u00e9 pole\",\"global\":false,\"global_message\":\"Toto pole je povinn\\u00e9\"}},\"gdpr-agreement\":{\"required\":{\"value\":true,\"message\":\"Povinn\\u00e9 pole\",\"global\":false,\"global_message\":\"Toto pole je povinn\\u00e9\"}}},\"debounce_time\":300};\n                            <\/script>\n            <\/div><div class=\"bde-code-block-169-125 bde-code-block\">\n\n\n\n<\/div>\n<\/div><div class=\"bde-column-169-123 bde-column\">\n  \n  \n\t\n\n\n\n\n<\/div><\/div><div class=\"bde-columns-169-134 bde-columns\"><div class=\"bde-column-169-138 bde-column\">\n  \n  \n\t\n\n\n\n<div class=\"bde-div-169-127 bde-div\">\n  \n  \n\t\n\n\n\n<div class=\"bde-rich-text-169-128 bde-rich-text breakdance-rich-text-styles\">\n<p><strong>\u010cesk\u00e1 republika<\/strong><br \/>Foster Facility s.r.o.<br \/>Pod kapli\u010dkou 3149\/18<br \/>130&nbsp;00, Praha 3<br \/>I\u010c: 07462549<br \/>DI\u010c: CZ07462549<br \/>Tel: <a href=\"tel:+420224283456\">+420&nbsp;224&nbsp;283&nbsp;456 <\/a>(po-p\u00e1 9-16 hod)<br \/><a href=\"mailto:info@foster24.com\">info@foster24.com<\/a><\/p>\n<\/div>\n<\/div>\n<\/div><div class=\"bde-column-169-139 bde-column\">\n  \n  \n\t\n\n\n\n<div class=\"bde-div-169-129 bde-div\">\n  \n  \n\t\n\n\n\n<div class=\"bde-rich-text-169-130 bde-rich-text breakdance-rich-text-styles\">\n<p><strong>N\u011bmecko<\/strong><br \/>Foster Facility Deutschland GmbH<br \/>An der Dreik\u00f6nigskirche 5<br \/>01097 Dresden<br \/>USt.-Ident.-Nr.: DE323668603<br \/>Tel: <a href=\"tel:+4915253033274\">+49&nbsp;152&nbsp;53033274<\/a><br \/><a href=\"mailto:info.de@foster24.com\">info.de@foster24.com<\/a><\/p>\n<\/div>\n<\/div>\n<\/div><div class=\"bde-column-169-140 bde-column\">\n  \n  \n\t\n\n\n\n<div class=\"bde-div-169-131 bde-div\">\n  \n  \n\t\n\n\n\n<div class=\"bde-rich-text-169-132 bde-rich-text breakdance-rich-text-styles\">\n<p><strong>Polsko<\/strong><br \/>Foster Facility Polska Sp. z&nbsp;o.o.<br \/>Z\u0142ota 7\/1<br \/>Warszawa 00-019<br \/>NIP: PL5252771573<br \/>Tel: <a href=\"tel:+48 534 496 459\">+48&nbsp;534&nbsp;496&nbsp;459<\/a> (po\u0142\u0105czenia tylko w j\u0119zykach ENG i&nbsp;DE)<br \/><a href=\"mailto:info.pl@foster24.com\" target=\"_self\">info.pl@foster24.com<\/a><\/p>\n<\/div>\n<\/div>\n<\/div><\/div><h1 class=\"bde-heading-169-133 bde-heading\">\nKontakty\n<\/h1><\/div>\n<\/section>","protected":false},"excerpt":{"rendered":"<p>Contact formNameE-mailTelephoneMessage I agree to the processing of personal dataSend Czech RepublicFoster Facility sroPod kapli\u010dkou 3149\/18130 00, Prague 3I\u010c: 07462549TIN: CZ07462549Tel: +420 224 283 456 (Mon-Fri 9am-4pm)info@foster24.com GermanyFoster Facility Deutschland GmbHAn der Dreik\u00f6nigskirche 501097 DresdenUSt.-Ident.-Nr.: DE323668603Tel: +49 152 53033274info.de@foster24.com PolandFoster Facility Polska Sp. z ooZ\u0142ota 7\/1Warszawa 00-019NIP: PL5252771573Tel: +48 534 496 459 (po\u0142\u0105czenia tylko w j\u0119zykach ENG i DE)info.pl@foster24.com Contacts<\/p>","protected":false},"author":2,"featured_media":0,"parent":0,"menu_order":0,"comment_status":"closed","ping_status":"closed","template":"","meta":{"_breakdance_hide_in_design_set":false,"_breakdance_tags":"","footnotes":""},"class_list":["post-169","page","type-page","status-publish","hentry"],"_links":{"self":[{"href":"https:\/\/www.fosterfacility.com\/en\/wp-json\/wp\/v2\/pages\/169","targetHints":{"allow":["GET"]}}],"collection":[{"href":"https:\/\/www.fosterfacility.com\/en\/wp-json\/wp\/v2\/pages"}],"about":[{"href":"https:\/\/www.fosterfacility.com\/en\/wp-json\/wp\/v2\/types\/page"}],"author":[{"embeddable":true,"href":"https:\/\/www.fosterfacility.com\/en\/wp-json\/wp\/v2\/users\/2"}],"replies":[{"embeddable":true,"href":"https:\/\/www.fosterfacility.com\/en\/wp-json\/wp\/v2\/comments?post=169"}],"version-history":[{"count":29,"href":"https:\/\/www.fosterfacility.com\/en\/wp-json\/wp\/v2\/pages\/169\/revisions"}],"predecessor-version":[{"id":726,"href":"https:\/\/www.fosterfacility.com\/en\/wp-json\/wp\/v2\/pages\/169\/revisions\/726"}],"wp:attachment":[{"href":"https:\/\/www.fosterfacility.com\/en\/wp-json\/wp\/v2\/media?parent=169"}],"curies":[{"name":"wp","href":"https:\/\/api.w.org\/{rel}","templated":true}]}}